{"id":35,"date":"2013-09-24T09:20:30","date_gmt":"2013-09-24T09:20:30","guid":{"rendered":"http:\/\/geruestbau-lutter.de\/?page_id=35"},"modified":"2023-12-04T09:12:58","modified_gmt":"2023-12-04T09:12:58","slug":"impressum","status":"publish","type":"page","link":"https:\/\/geruestbau-lutter.de\/?page_id=35","title":{"rendered":"Impressum"},"content":{"rendered":"<div id=\"attachment_133\" style=\"width: 310px\" class=\"wp-caption alignright\"><img loading=\"lazy\" decoding=\"async\" aria-describedby=\"caption-attachment-133\" class=\"wp-image-133 size-medium\" src=\"https:\/\/geruestbau-lutter.de\/wp-content\/uploads\/2014\/09\/Fotolia_21429896_XS-320x213.jpg\" alt=\"\u00a9 Christian Schwier - Fotolia.com\" width=\"300\" height=\"200\" srcset=\"https:\/\/geruestbau-lutter.de\/wp-content\/uploads\/2014\/09\/Fotolia_21429896_XS-320x213.jpg 320w, https:\/\/geruestbau-lutter.de\/wp-content\/uploads\/2014\/09\/Fotolia_21429896_XS.jpg 424w\" sizes=\"auto, (max-width: 300px) 100vw, 300px\" \/><p id=\"caption-attachment-133\" class=\"wp-caption-text\">\u00a9 Christian Schwier &#8211; Fotolia.com<\/p><\/div>\n<p>R &amp; R Ger\u00fcstbau GmbH<br \/>Zepernicker Chaussee 101<br \/>16321 Bernau bei Berlin<\/p>\n<p>Telefon: +49 3338 705148<br \/>Telefax: +49 3338 4278<br \/>E-Mail: <a href=\"mailto:info@geruestbau-lutter.de\">info@geruestbau-lutter.de<\/a><\/p>\n<p><strong>Vertreten durch:<\/strong><br \/>Gesellschafter: Ren\u00e9 Lutter<br \/>Gesch\u00e4ftsf\u00fchrer: Ren\u00e9 Lutter<\/p>\n<p><strong>Registereintrag:<\/strong><br \/>Eingetragen im Handelsregister.<br \/>Registergericht: AG Frankfurt a.d. Oder<br \/>Registernummer: HRB 19651 FF<\/p>\n<p><strong>Umsatzsteuer-ID: <\/strong><br \/>Umsatzsteuer-Identifikationsnummer nach \u00a727a Umsatzsteuergesetz:<br \/>DE357336104<\/p>\n<p><strong>Berufshaftpflichtversicherung: <\/strong><\/p>\n<p>Feuersoziet\u00e4t Berlin Brandenburg AG<br \/>Am Karlsbad 4-5<br \/>10913 Berlin<br \/>Geltungsbereich: Deutschland<\/p>\n<p><strong>Bildrechte:<\/strong><br \/>Alle, nicht selbst angefertigten Bilder sind mit Copyrighthinweisen darunter ausgewiesen und wurden \u00fcber <a href=\"https:\/\/www.fotolia.com\/\">Fotolia.com<\/a> erworben. Wir sind um die Wahrung der Bildrechte stets bem\u00fcht. Sollten Sie also Unzul\u00e4nglichkeiten diesbez\u00fcglich feststellen, kontaktieren Sie uns vorzugsweise direkt. Wir stellen den Mangel umgehend ab.<\/p>\n<h2>Hinweis gem\u00e4\u00df Online-Streitbeilegungs-Verordnung<\/h2>\n<p>Nach geltendem Recht sind wir verpflichtet, Verbraucher auf die Existenz der Europ\u00e4ischen Online-Streitbeilegungs-Plattform hinzuweisen, die f\u00fcr die Beilegung von Streitigkeiten genutzt werden kann, ohne dass ein Gericht eingeschaltet werden muss. F\u00fcr die Einrichtung der Plattform ist die Europ\u00e4ische Kommission zust\u00e4ndig. Die Europ\u00e4ische Online-Streitbeilegungs-Plattform ist hier zu finden: <a href=\"http:\/\/ec.europa.eu\/odr\" target=\"_blank\" rel=\"nofollow noopener noreferrer\">http:\/\/ec.europa.eu\/odr<\/a>. Unsere E-Mail lautet: <a href=\"mailto:info@geruestbau-lutter.de\">info@geruestbau-lutter.de<\/a><\/p>\n<p>Wir weisen aber darauf hin, dass wir nicht bereit sind, uns am Streitbeilegungsverfahren im Rahmen der Europ\u00e4ischen Online-Streitbeilegungs-Plattform zu beteiligen. Nutzen Sie zur Kontaktaufnahme bitte unsere obige E-Mail und Telefonnummer.<\/p>\n<h2>Disclaimer \u2013 rechtliche Hinweise<\/h2>\n<p>\u00a7 1 Warnhinweis zu Inhalten<br \/>Die kostenlosen und frei zug\u00e4nglichen Inhalte dieser Webseite wurden mit gr\u00f6\u00dftm\u00f6glicher Sorgfalt erstellt. Der Anbieter dieser Webseite \u00fcbernimmt jedoch keine Gew\u00e4hr f\u00fcr die Richtigkeit und Aktualit\u00e4t der bereitgestellten kostenlosen und frei zug\u00e4nglichen journalistischen Ratgeber und Nachrichten. Namentlich gekennzeichnete Beitr\u00e4ge geben die Meinung des jeweiligen Autors und nicht immer die Meinung des Anbieters wieder. Allein durch den Aufruf der kostenlosen und frei zug\u00e4nglichen Inhalte kommt keinerlei Vertragsverh\u00e4ltnis zwischen dem Nutzer und dem Anbieter zustande, insoweit fehlt es am Rechtsbindungswillen des Anbieters.<\/p>\n<p>\u00a7 2 Externe Links<br \/>Diese Website enth\u00e4lt Verkn\u00fcpfungen zu Websites Dritter (&#8222;externe Links&#8220;). Diese Websites unterliegen der Haftung der jeweiligen Betreiber. Der Anbieter hat bei der erstmaligen Verkn\u00fcpfung der externen Links die fremden Inhalte daraufhin \u00fcberpr\u00fcft, ob etwaige Rechtsverst\u00f6\u00dfe bestehen. Zu dem Zeitpunkt waren keine Rechtsverst\u00f6\u00dfe ersichtlich. Der Anbieter hat keinerlei Einfluss auf die aktuelle und zuk\u00fcnftige Gestaltung und auf die Inhalte der verkn\u00fcpften Seiten. Das Setzen von externen Links bedeutet nicht, dass sich der Anbieter die hinter dem Verweis oder Link liegenden Inhalte zu Eigen macht. Eine st\u00e4ndige Kontrolle der externen Links ist f\u00fcr den Anbieter ohne konkrete Hinweise auf Rechtsverst\u00f6\u00dfe nicht zumutbar. Bei Kenntnis von Rechtsverst\u00f6\u00dfen werden jedoch derartige externe Links unverz\u00fcglich gel\u00f6scht.<\/p>\n<p>\u00a7 3 Urheber- und Leistungsschutzrechte<br \/>Die auf dieser Website ver\u00f6ffentlichten Inhalte unterliegen dem deutschen Urheber- und Leistungsschutzrecht. Jede vom deutschen Urheber- und Leistungsschutzrecht nicht zugelassene Verwertung bedarf der vorherigen schriftlichen Zustimmung des Anbieters oder jeweiligen Rechteinhabers. Dies gilt insbesondere f\u00fcr Vervielf\u00e4ltigung, Bearbeitung, \u00dcbersetzung, Einspeicherung, Verarbeitung bzw. Wiedergabe von Inhalten in Datenbanken oder anderen elektronischen Medien und Systemen. Inhalte und Rechte Dritter sind dabei als solche gekennzeichnet. Die unerlaubte Vervielf\u00e4ltigung oder Weitergabe einzelner Inhalte oder kompletter Seiten ist nicht gestattet und strafbar. Lediglich die Herstellung von Kopien und Downloads f\u00fcr den pers\u00f6nlichen, privaten und nicht kommerziellen Gebrauch ist erlaubt.<\/p>\n<p>Die Darstellung dieser Website in fremden Frames ist nur mit schriftlicher Erlaubnis zul\u00e4ssig.<\/p>\n<p>\u00a7 4 Besondere Nutzungsbedingungen<br \/>Soweit besondere Bedingungen f\u00fcr einzelne Nutzungen dieser Website von den vorgenannten Paragraphen abweichen, wird an entsprechender Stelle ausdr\u00fccklich darauf hingewiesen. In diesem Falle gelten im jeweiligen Einzelfall die besonderen Nutzungsbedingungen.<\/p>\n<p>Quelle: <a href=\"https:\/\/www.juraforum.de\/impressum-generator\/\">https:\/\/www.juraforum.de<\/a><\/p>\n\n\n<p><\/p>\n","protected":false},"excerpt":{"rendered":"<p>R &amp; R Ger\u00fcstbau GmbHZepernicker Chaussee 10116321 Bernau bei Berlin Telefon: +49 3338 705148Telefax: +49 3338 4278E-Mail: info@geruestbau-lutter.de Vertreten durch:Gesellschafter: Ren\u00e9 LutterGesch\u00e4ftsf\u00fchrer: Ren\u00e9 Lutter Registereintrag:Eingetragen im Handelsregister.Registergericht: AG Frankfurt a.d. OderRegisternummer: HRB 19651 FF Umsatzsteuer-ID: Umsatzsteuer-Identifikationsnummer nach \u00a727a Umsatzsteuergesetz:DE357336104 Berufshaftpflichtversicherung: Feuersoziet\u00e4t Berlin Brandenburg AGAm Karlsbad 4-510913 BerlinGeltungsbereich: Deutschland Bildrechte:Alle, nicht selbst angefertigten Bilder sind mit&#8230; <a class=\"more\" href=\"https:\/\/geruestbau-lutter.de\/?page_id=35\">Continue reading &rarr;<\/a><\/p>\n","protected":false},"author":1,"featured_media":0,"parent":0,"menu_order":90,"comment_status":"closed","ping_status":"open","template":"fullwidth-page.php","meta":{"footnotes":""},"class_list":["post-35","page","type-page","status-publish","hentry"],"_links":{"self":[{"href":"https:\/\/geruestbau-lutter.de\/index.php?rest_route=\/wp\/v2\/pages\/35","targetHints":{"allow":["GET"]}}],"collection":[{"href":"https:\/\/geruestbau-lutter.de\/index.php?rest_route=\/wp\/v2\/pages"}],"about":[{"href":"https:\/\/geruestbau-lutter.de\/index.php?rest_route=\/wp\/v2\/types\/page"}],"author":[{"embeddable":true,"href":"https:\/\/geruestbau-lutter.de\/index.php?rest_route=\/wp\/v2\/users\/1"}],"replies":[{"embeddable":true,"href":"https:\/\/geruestbau-lutter.de\/index.php?rest_route=%2Fwp%2Fv2%2Fcomments&post=35"}],"version-history":[{"count":25,"href":"https:\/\/geruestbau-lutter.de\/index.php?rest_route=\/wp\/v2\/pages\/35\/revisions"}],"predecessor-version":[{"id":251,"href":"https:\/\/geruestbau-lutter.de\/index.php?rest_route=\/wp\/v2\/pages\/35\/revisions\/251"}],"wp:attachment":[{"href":"https:\/\/geruestbau-lutter.de\/index.php?rest_route=%2Fwp%2Fv2%2Fmedia&parent=35"}],"curies":[{"name":"wp","href":"https:\/\/api.w.org\/{rel}","templated":true}]}}