{"id":37,"date":"2013-09-24T09:29:02","date_gmt":"2013-09-24T09:29:02","guid":{"rendered":"http:\/\/geruestbau-lutter.de\/?page_id=37"},"modified":"2023-12-04T09:12:06","modified_gmt":"2023-12-04T09:12:06","slug":"kontakt","status":"publish","type":"page","link":"https:\/\/geruestbau-lutter.de\/?page_id=37","title":{"rendered":"Kontakt"},"content":{"rendered":"<div id=\"attachment_137\" style=\"width: 310px\" class=\"wp-caption alignright\"><img loading=\"lazy\" decoding=\"async\" aria-describedby=\"caption-attachment-137\" class=\"wp-image-137 size-medium\" src=\"https:\/\/geruestbau-lutter.de\/wp-content\/uploads\/2013\/09\/Fotolia_69735560_XS-320x208.jpg\" alt=\"\u00a9 Marco2811 - Fotolia.com\" width=\"300\" height=\"195\" srcset=\"https:\/\/geruestbau-lutter.de\/wp-content\/uploads\/2013\/09\/Fotolia_69735560_XS-320x208.jpg 320w, https:\/\/geruestbau-lutter.de\/wp-content\/uploads\/2013\/09\/Fotolia_69735560_XS.jpg 429w\" sizes=\"auto, (max-width: 300px) 100vw, 300px\" \/><p id=\"caption-attachment-137\" class=\"wp-caption-text\">\u00a9 Marco2811 &#8211; Fotolia.com<\/p><\/div>\n<p>Gern k\u00f6nnen Sie uns \u00fcber die nachstehenden Kontaktdaten erreichen. Ein unpers\u00f6nliches Kontaktformular m\u00f6gen wir nicht. Unsere Vorliebe gilt dem pers\u00f6nlichen Kundenkontakt auf direktem Wege. Rufen Sie bei uns im B\u00fcro unter untenstehender Nummer an und lassen Sie sich beraten, oder schicken Sie uns eine E-Mail. Unser Ger\u00fcstbauteam ber\u00e4t sie gern!<\/p>\n<div class=\"gs\">\n<div class=\"\">\n<div id=\":1lb\" class=\"ii gt\">\n<div id=\":1lc\" class=\"a3s aXjCH \">R &amp; R Ger\u00fcstbau GmbH<br \/>Zepernicker Chaussee 101\n<p>16321 Bernau bei Berlin<\/p>\n<p>HRB Nr. \u00a019651 FF<\/p>\n<div>St Nr. \u00a0 \u00a0 \u00a0 065\/117\/03962<\/div>\n<div>USt ID \u00a0 \u00a0 DE357336104<\/div>\n<p>Email :\u00a0 \u00a0<a href=\"mailto:info@geruestbau-lutter.de\" target=\"_blank\" rel=\"noopener noreferrer\">info@geruestbau-<span class=\"il\">lutter<\/span>.de<\/a><\/p>\n<p>Tel.\u00a0 \u00a0 \u00a0 \u00a0 \u00a003338 705148<br \/>Fax\u00a0 \u00a0 \u00a0 \u00a0 \u00a003338 4278<\/p>\n<\/div>\n<\/div>\n<\/div>\n<\/div>\n\n\n<p><\/p>\n","protected":false},"excerpt":{"rendered":"<p>Gern k\u00f6nnen Sie uns \u00fcber die nachstehenden Kontaktdaten erreichen. Ein unpers\u00f6nliches Kontaktformular m\u00f6gen wir nicht. Unsere Vorliebe gilt dem pers\u00f6nlichen Kundenkontakt auf direktem Wege. Rufen Sie bei uns im B\u00fcro unter untenstehender Nummer an und lassen Sie sich beraten, oder schicken Sie uns eine E-Mail. Unser Ger\u00fcstbauteam ber\u00e4t sie gern! R &amp; R Ger\u00fcstbau GmbHZepernicker&#8230; <a class=\"more\" href=\"https:\/\/geruestbau-lutter.de\/?page_id=37\">Continue reading &rarr;<\/a><\/p>\n","protected":false},"author":1,"featured_media":0,"parent":0,"menu_order":80,"comment_status":"closed","ping_status":"open","template":"fullwidth-page.php","meta":{"footnotes":""},"class_list":["post-37","page","type-page","status-publish","hentry"],"_links":{"self":[{"href":"https:\/\/geruestbau-lutter.de\/index.php?rest_route=\/wp\/v2\/pages\/37","targetHints":{"allow":["GET"]}}],"collection":[{"href":"https:\/\/geruestbau-lutter.de\/index.php?rest_route=\/wp\/v2\/pages"}],"about":[{"href":"https:\/\/geruestbau-lutter.de\/index.php?rest_route=\/wp\/v2\/types\/page"}],"author":[{"embeddable":true,"href":"https:\/\/geruestbau-lutter.de\/index.php?rest_route=\/wp\/v2\/users\/1"}],"replies":[{"embeddable":true,"href":"https:\/\/geruestbau-lutter.de\/index.php?rest_route=%2Fwp%2Fv2%2Fcomments&post=37"}],"version-history":[{"count":12,"href":"https:\/\/geruestbau-lutter.de\/index.php?rest_route=\/wp\/v2\/pages\/37\/revisions"}],"predecessor-version":[{"id":250,"href":"https:\/\/geruestbau-lutter.de\/index.php?rest_route=\/wp\/v2\/pages\/37\/revisions\/250"}],"wp:attachment":[{"href":"https:\/\/geruestbau-lutter.de\/index.php?rest_route=%2Fwp%2Fv2%2Fmedia&parent=37"}],"curies":[{"name":"wp","href":"https:\/\/api.w.org\/{rel}","templated":true}]}}