{"id":42,"date":"2013-09-24T10:11:10","date_gmt":"2013-09-24T10:11:10","guid":{"rendered":"http:\/\/geruestbau-lutter.de\/?page_id=42"},"modified":"2023-07-07T15:17:29","modified_gmt":"2023-07-07T15:17:29","slug":"unsere-leistungen","status":"publish","type":"page","link":"https:\/\/geruestbau-lutter.de\/?page_id=42","title":{"rendered":"Unsere Leistungen"},"content":{"rendered":"<div>\n<p><img loading=\"lazy\" decoding=\"async\" class=\"wp-image-55 alignright\" src=\"https:\/\/geruestbau-lutter.de\/wp-content\/uploads\/2013\/08\/Foto-11-320x426.jpg\" alt=\"Baugeruest in Berlin\" width=\"155\" height=\"207\" srcset=\"https:\/\/geruestbau-lutter.de\/wp-content\/uploads\/2013\/08\/Foto-11-320x426.jpg 320w, https:\/\/geruestbau-lutter.de\/wp-content\/uploads\/2013\/08\/Foto-11-540x720.jpg 540w, https:\/\/geruestbau-lutter.de\/wp-content\/uploads\/2013\/08\/Foto-11.jpg 768w\" sizes=\"auto, (max-width: 155px) 100vw, 155px\" \/><\/p>\n<p>Hauptt\u00e4tigkeitsfelder der <strong>R &#038; R\u00a0Ger\u00fcstbau GmbH<\/strong> sind Einr\u00fcstungen von Objekten der Altbausanierung und des Neubaus von Wohn- und Gesch\u00e4ftsgeb\u00e4uden.<\/p>\n<p>Anspruchsvolle Sonderkonstruktionen sowie komplette Einr\u00fcstungen von Ein- und Mehrfamilienh\u00e4usern geh\u00f6ren zu den t\u00e4glichen Aufgaben.<\/p>\n<p>Haupts\u00e4chlich erstellt die R &#038; R GmbH Fassaden- und Modulger\u00fcste in den Lastklassen 1 bis 6 und Breitenklassen W06 bis W24 nach DIN EN 12811-1.<\/p>\n<p>Ob an gro\u00dfen Fassadenabwicklungen oder dem Einfamilienhaus, unsere Schnellbauger\u00fcste sind optimale L\u00f6sungen, auch wenn Verspr\u00fcnge und Vers\u00e4tze die Fassaden gliedern.<\/p>\n<p>Schnell und flexibel sichern wir Ihre Arbeiten an Fassade oder Dach und bilden so einen soliden Grundstein f\u00fcr Ihr unfallfrei durchgef\u00fchrtes Bauvorhaben.<\/p>\n<p>Ihr R &#038; R Team<\/p>\n<\/div>\n\n\n<p><\/p>\n","protected":false},"excerpt":{"rendered":"<p>Hauptt\u00e4tigkeitsfelder der R &#038; R\u00a0Ger\u00fcstbau GmbH sind Einr\u00fcstungen von Objekten der Altbausanierung und des Neubaus von Wohn- und Gesch\u00e4ftsgeb\u00e4uden. Anspruchsvolle Sonderkonstruktionen sowie komplette Einr\u00fcstungen von Ein- und Mehrfamilienh\u00e4usern geh\u00f6ren zu den t\u00e4glichen Aufgaben. Haupts\u00e4chlich erstellt die R &#038; R GmbH Fassaden- und Modulger\u00fcste in den Lastklassen 1 bis 6 und Breitenklassen W06 bis W24 nach&#8230; <a class=\"more\" href=\"https:\/\/geruestbau-lutter.de\/?page_id=42\">Continue reading &rarr;<\/a><\/p>\n","protected":false},"author":1,"featured_media":0,"parent":0,"menu_order":15,"comment_status":"closed","ping_status":"open","template":"fullwidth-page.php","meta":{"footnotes":""},"class_list":["post-42","page","type-page","status-publish","hentry"],"_links":{"self":[{"href":"https:\/\/geruestbau-lutter.de\/index.php?rest_route=\/wp\/v2\/pages\/42","targetHints":{"allow":["GET"]}}],"collection":[{"href":"https:\/\/geruestbau-lutter.de\/index.php?rest_route=\/wp\/v2\/pages"}],"about":[{"href":"https:\/\/geruestbau-lutter.de\/index.php?rest_route=\/wp\/v2\/types\/page"}],"author":[{"embeddable":true,"href":"https:\/\/geruestbau-lutter.de\/index.php?rest_route=\/wp\/v2\/users\/1"}],"replies":[{"embeddable":true,"href":"https:\/\/geruestbau-lutter.de\/index.php?rest_route=%2Fwp%2Fv2%2Fcomments&post=42"}],"version-history":[{"count":4,"href":"https:\/\/geruestbau-lutter.de\/index.php?rest_route=\/wp\/v2\/pages\/42\/revisions"}],"predecessor-version":[{"id":244,"href":"https:\/\/geruestbau-lutter.de\/index.php?rest_route=\/wp\/v2\/pages\/42\/revisions\/244"}],"wp:attachment":[{"href":"https:\/\/geruestbau-lutter.de\/index.php?rest_route=%2Fwp%2Fv2%2Fmedia&parent=42"}],"curies":[{"name":"wp","href":"https:\/\/api.w.org\/{rel}","templated":true}]}}