{"id":99,"date":"2014-09-11T19:54:16","date_gmt":"2014-09-11T19:54:16","guid":{"rendered":"http:\/\/geruestbau-lutter.de\/?page_id=99"},"modified":"2014-09-11T22:12:12","modified_gmt":"2014-09-11T22:12:12","slug":"referenzen-2","status":"publish","type":"page","link":"https:\/\/geruestbau-lutter.de\/?page_id=99","title":{"rendered":"Referenzen"},"content":{"rendered":"<p style=\"text-align: justify;\">Hier k\u00f6nnen Sie sich ein Bild von unserer Arbeit und unseren Projekte verschaffen. Zu unserem Kundenstamm geh\u00f6ren neben Privatpersonen auch mittelst\u00e4ndische und gro\u00dfe Unternehmen, die immer wieder gern mit uns zusammenarbeiten.<\/p>\n<p style=\"text-align: justify;\">Lassen Sie sich von unseren Referenzprojekten \u00fcberzeugen und kontaktieren Sie uns. Wir freuen uns auf Ihren Auftrag!<\/p>\n<p>[metaslider id=111]<\/p>\n","protected":false},"excerpt":{"rendered":"<p>Hier k\u00f6nnen Sie sich ein Bild von unserer Arbeit und unseren Projekte verschaffen. Zu unserem Kundenstamm geh\u00f6ren neben Privatpersonen auch mittelst\u00e4ndische und gro\u00dfe Unternehmen, die immer wieder gern mit uns zusammenarbeiten. Lassen Sie sich von unseren Referenzprojekten \u00fcberzeugen und kontaktieren Sie uns. Wir freuen uns auf Ihren Auftrag! [metaslider id=111]<\/p>\n","protected":false},"author":1,"featured_media":0,"parent":0,"menu_order":10,"comment_status":"closed","ping_status":"open","template":"fullwidth-page.php","meta":{"footnotes":""},"class_list":["post-99","page","type-page","status-publish","hentry"],"_links":{"self":[{"href":"https:\/\/geruestbau-lutter.de\/index.php?rest_route=\/wp\/v2\/pages\/99","targetHints":{"allow":["GET"]}}],"collection":[{"href":"https:\/\/geruestbau-lutter.de\/index.php?rest_route=\/wp\/v2\/pages"}],"about":[{"href":"https:\/\/geruestbau-lutter.de\/index.php?rest_route=\/wp\/v2\/types\/page"}],"author":[{"embeddable":true,"href":"https:\/\/geruestbau-lutter.de\/index.php?rest_route=\/wp\/v2\/users\/1"}],"replies":[{"embeddable":true,"href":"https:\/\/geruestbau-lutter.de\/index.php?rest_route=%2Fwp%2Fv2%2Fcomments&post=99"}],"version-history":[{"count":5,"href":"https:\/\/geruestbau-lutter.de\/index.php?rest_route=\/wp\/v2\/pages\/99\/revisions"}],"predecessor-version":[{"id":112,"href":"https:\/\/geruestbau-lutter.de\/index.php?rest_route=\/wp\/v2\/pages\/99\/revisions\/112"}],"wp:attachment":[{"href":"https:\/\/geruestbau-lutter.de\/index.php?rest_route=%2Fwp%2Fv2%2Fmedia&parent=99"}],"curies":[{"name":"wp","href":"https:\/\/api.w.org\/{rel}","templated":true}]}}